{"id":143,"date":"2024-03-16T07:16:52","date_gmt":"2024-03-16T06:16:52","guid":{"rendered":"https:\/\/ateliernamoi.ch\/?page_id=143"},"modified":"2025-03-05T13:43:04","modified_gmt":"2025-03-05T12:43:04","slug":"services","status":"publish","type":"page","link":"https:\/\/ateliernamoi.ch\/?page_id=143","title":{"rendered":"Services"},"content":{"rendered":"\n    \n    <section class=\"u-clearfix u-custom-color-2 u-section-2\" id=\"sec-9ecc\">\n      <div class=\"u-clearfix u-sheet u-sheet-1\">\n        <h2 class=\"u-align-center u-custom-font u-text u-text-body-alt-color u-text-1\">Mes services<br>\n        <\/h2>\n        <div class=\"data-layout-selected u-clearfix u-expanded-width u-gutter-0 u-layout-spacing-vertical u-layout-wrap u-layout-wrap-1\">\n          <div class=\"u-layout\" style=\"\">\n            <div class=\"u-layout-row\" style=\"\">\n              <div class=\"u-container-style u-image u-image-round u-layout-cell u-radius u-right-cell u-size-20 u-image-1\" src=\"\" data-image-width=\"1280\" data-image-height=\"853\" style=\"background-image: url(&quot;https:\/\/ateliernamoi.ch\/wp-content\/uploads\/2024\/03\/b55245ca50ec4021412b7491df3b0da038121d2b7043969d3f752a27d3236b80a54942181c29662fe5b9e42b73cc3d79724568b2b1b7b36daff7c5_1280.jpg&quot;);\">\n                <div class=\"u-container-layout u-container-layout-1\"><\/div>\n              <\/div>\n              <div class=\"u-align-justify u-container-align-left u-container-style u-layout-cell u-left-cell u-size-40 u-layout-cell-2\">\n                <div class=\"u-container-layout u-valign-middle u-container-layout-2\">\n                  <p class=\"u-text u-text-body-alt-color u-text-2\"> Je propose une gamme de services cr\u00e9atifs pour lib\u00e9rer votre imagination : <br>- Ateliers cr\u00e9atifs\nAteliers anniversaire<br>- Ateliers parents-enfants<br>- Ateliers solo<br>- EVJF<br>\n                    <br>- Cr\u00e9ations artisanales uniques<br>- D\u00e9coration de vitrines<br>- Upcycling et Relooking (meubles, objets, etc.)<br>\n                    <br>Voici quelques domaines que vous pouvez explorer \u00e0 mon atelier :&nbsp;<br>- Carterie et Scrapbooking<br>- Cuir<br>- Textile<br>- Broderie<br>- Feutrine<br>- Peinture et Dessin<br>- Perles et Bijoux<br>- Modelage et Sculpture<br>- Crochet<br>- Upcycling et R\u00e9cup\u00e9ration<br>- D\u00e9coration d'objets<br>- Art floral<br>- Et bien plus !<br>\n                    <br>Que vous cherchiez \u00e0 d\u00e9couvrir de nouvelles id\u00e9es cr\u00e9atives, \u00e0 apprendre ou \u00e0 trouver une pi\u00e8ce unique pour votre int\u00e9rieur, mes services sont l\u00e0 pour vous inspirer et vous accompagner dans vos projets.\n                  <\/p>\n                <\/div>\n              <\/div>\n            <\/div>\n          <\/div>\n        <\/div>\n      <\/div>\n    <\/section>\n    <section class=\"u-clearfix u-container-align-center u-white u-section-3\" id=\"sec-ebf1\">\n      <div class=\"u-clearfix u-sheet u-sheet-1\">\n        <h2 class=\"u-align-center u-custom-font u-text u-text-custom-color-2 u-text-1\">Cr\u00e9ation<\/h2>\n        <div class=\"data-layout-selected rounded-1 u-clearfix u-expanded-width u-gutter-0 u-layout-spacing-vertical u-layout-wrap u-layout-wrap-1\">\n          <div class=\"u-layout\">\n            <div class=\"u-layout-row\">\n              <div class=\"u-align-justify u-container-align-left u-container-style u-layout-cell u-left-cell u-size-40 u-layout-cell-1\">\n                <div class=\"u-container-layout u-valign-middle u-container-layout-1\">\n                  <p class=\"u-text u-text-2\"> La cr\u00e9ation est au c\u0153ur de tout ce que je fais. C'est une v\u00e9ritable passion qui m\u2019anime et que je partage \u00e0 travers mes diff\u00e9rents services. Que ce soit par le biais de mes ateliers cr\u00e9atifs, de mes formations artisanales, ou encore \u00e0 travers la vente de mes cr\u00e9ations uniques, chaque projet est une occasion d'explorer de nouvelles id\u00e9es, de transformer des mat\u00e9riaux et de donner vie \u00e0 des objets originaux.<br>\n                    <br>Je cr\u00e9e \u00e0 partir de mat\u00e9riaux divers tels que le bois, le m\u00e9tal, le cuir, la feutrine et m\u00eame des objets r\u00e9cup\u00e9r\u00e9s gr\u00e2ce \u00e0 l'upcycling. Chaque cr\u00e9ation est pens\u00e9e pour \u00eatre non seulement esth\u00e9tique, mais aussi pratique et souvent \u00e9coresponsable.\n                  <\/p>\n                <\/div>\n              <\/div>\n              <div class=\"u-container-style u-layout-cell u-radius u-right-cell u-shape-rectangle u-size-20 u-layout-cell-2\" src=\"\">\n                <div class=\"u-container-layout u-container-layout-2\">\n                  <div class=\"u-expanded-width u-gallery u-layout-grid u-lightbox u-no-transition u-show-text-on-hover u-gallery-1\" id=\"carousel-d182\">\n                    <div class=\"u-gallery-inner u-gallery-inner-1\" role=\"listbox\">\n                      <div class=\"u-effect-fade u-gallery-item u-gallery-item-1\">\n                        <div class=\"u-back-slide\" data-image-width=\"1600\" data-image-height=\"1356\">\n                          <img decoding=\"async\" class=\"u-back-image u-expanded\" src=\"https:\/\/ateliernamoi.ch\/wp-content\/uploads\/2025\/02\/Toile4.jpeg\">\n                        <\/div>\n                        <div class=\"u-over-slide u-shading u-over-slide-1\"><\/div>\n                      <\/div>\n                      <div class=\"u-effect-fade u-gallery-item u-gallery-item-2\">\n                        <div class=\"u-back-slide\" data-image-width=\"1140\" data-image-height=\"1140\">\n                          <img decoding=\"async\" class=\"u-back-image u-expanded\" src=\"https:\/\/ateliernamoi.ch\/wp-content\/uploads\/2025\/02\/Cuir1.jpeg\">\n                        <\/div>\n                        <div class=\"u-over-slide u-shading u-over-slide-2\"><\/div>\n                      <\/div>\n                      <div class=\"u-effect-fade u-gallery-item u-gallery-item-3\">\n                        <div class=\"u-back-slide\" data-image-width=\"1536\" data-image-height=\"2048\">\n                          <img decoding=\"async\" class=\"u-back-image u-expanded\" src=\"https:\/\/ateliernamoi.ch\/wp-content\/uploads\/2025\/02\/Broderie2.jpeg\">\n                        <\/div>\n                        <div class=\"u-over-slide u-shading u-over-slide-3\"><\/div>\n                      <\/div>\n                      <div class=\"u-effect-fade u-gallery-item u-gallery-item-4\">\n                        <div class=\"u-back-slide\" data-image-width=\"2048\" data-image-height=\"1536\">\n                          <img decoding=\"async\" class=\"u-back-image u-expanded\" src=\"https:\/\/ateliernamoi.ch\/wp-content\/uploads\/2025\/02\/Carte4.jpeg\">\n                        <\/div>\n                        <div class=\"u-over-slide u-shading u-over-slide-4\"><\/div>\n                      <\/div>\n                      <div class=\"u-effect-fade u-gallery-item u-gallery-item-5\">\n                        <div class=\"u-back-slide\" data-image-width=\"1536\" data-image-height=\"2048\">\n                          <img decoding=\"async\" class=\"u-back-image u-expanded\" src=\"https:\/\/ateliernamoi.ch\/wp-content\/uploads\/2025\/02\/Tableaupoupe.jpeg\">\n                        <\/div>\n                        <div class=\"u-over-slide u-shading u-over-slide-5\"><\/div>\n                      <\/div>\n                      <div class=\"u-effect-fade u-gallery-item u-gallery-item-6\">\n                        <div class=\"u-back-slide\" data-image-width=\"2048\" data-image-height=\"1992\">\n                          <img decoding=\"async\" class=\"u-back-image u-expanded\" src=\"https:\/\/ateliernamoi.ch\/wp-content\/uploads\/2025\/02\/Lampe2.jpeg\">\n                        <\/div>\n                        <div class=\"u-over-slide u-shading u-over-slide-6\"><\/div>\n                      <\/div>\n                      <div class=\"u-effect-fade u-gallery-item u-gallery-item-7\">\n                        <div class=\"u-back-slide\" data-image-width=\"1384\" data-image-height=\"1600\">\n                          <img decoding=\"async\" class=\"u-back-image u-expanded\" src=\"https:\/\/ateliernamoi.ch\/wp-content\/uploads\/2025\/02\/toile5.jpeg\">\n                        <\/div>\n                        <div class=\"u-over-slide u-shading u-over-slide-7\"><\/div>\n                      <\/div>\n                      <div class=\"u-effect-fade u-gallery-item u-gallery-item-8\">\n                        <div class=\"u-back-slide\" data-image-width=\"1536\" data-image-height=\"2048\">\n                          <img decoding=\"async\" class=\"u-back-image u-expanded\" src=\"https:\/\/ateliernamoi.ch\/wp-content\/uploads\/2025\/02\/Lampe1.jpeg\">\n                        <\/div>\n                        <div class=\"u-over-slide u-shading u-over-slide-8\"><\/div>\n                      <\/div>\n                      <div class=\"u-effect-fade u-gallery-item u-gallery-item-9\">\n                        <div class=\"u-back-slide\" data-image-width=\"2048\" data-image-height=\"1960\">\n                          <img decoding=\"async\" class=\"u-back-image u-expanded\" src=\"https:\/\/ateliernamoi.ch\/wp-content\/uploads\/2025\/02\/Toile1.jpeg\">\n                        <\/div>\n                        <div class=\"u-over-slide u-shading u-over-slide-9\"><\/div>\n                      <\/div>\n                    <\/div>\n                  <\/div>\n                <\/div>\n              <\/div>\n            <\/div>\n          <\/div>\n        <\/div>\n      <\/div>\n    <\/section>\n    <section class=\"u-clearfix u-container-align-center u-custom-color-2 u-section-4\" id=\"carousel_a0c0\">\n      <div class=\"u-clearfix u-sheet u-sheet-1\">\n        <h2 class=\"u-align-center u-custom-font u-text u-text-body-alt-color u-text-1\">Transformation<\/h2>\n        <div class=\"data-layout-selected rounded-1 u-clearfix u-expanded-width u-gutter-0 u-layout-spacing-vertical u-layout-wrap u-layout-wrap-1\">\n          <div class=\"u-layout\" style=\"\">\n            <div class=\"u-layout-row\" style=\"\">\n              <div class=\"u-container-style u-layout-cell u-radius u-right-cell u-shape-rectangle u-size-20 u-layout-cell-1\" src=\"\">\n                <div class=\"u-container-layout u-container-layout-1\">\n                  <div class=\"u-expanded-width u-gallery u-layout-grid u-lightbox u-no-transition u-show-text-on-hover u-gallery-1\" id=\"carousel-d182\">\n                    <div class=\"u-gallery-inner u-gallery-inner-1\" role=\"listbox\">\n                      <div class=\"u-effect-fade u-gallery-item u-gallery-item-1\">\n                        <div class=\"u-back-slide\" data-image-width=\"1200\" data-image-height=\"1600\">\n                          <img decoding=\"async\" class=\"u-back-image u-expanded\" src=\"https:\/\/ateliernamoi.ch\/wp-content\/uploads\/2025\/02\/Meuble1.jpeg\">\n                        <\/div>\n                        <div class=\"u-over-slide u-shading u-over-slide-1\"><\/div>\n                      <\/div>\n                      <div class=\"u-effect-fade u-gallery-item u-gallery-item-2\">\n                        <div class=\"u-back-slide\" data-image-width=\"1600\" data-image-height=\"1200\">\n                          <img decoding=\"async\" class=\"u-back-image u-expanded\" src=\"https:\/\/ateliernamoi.ch\/wp-content\/uploads\/2025\/02\/Meuble4.jpeg\">\n                        <\/div>\n                        <div class=\"u-over-slide u-shading u-over-slide-2\"><\/div>\n                      <\/div>\n                      <div class=\"u-effect-fade u-gallery-item u-gallery-item-3\">\n                        <div class=\"u-back-slide\" data-image-width=\"1440\" data-image-height=\"1080\">\n                          <img decoding=\"async\" class=\"u-back-image u-expanded\" src=\"https:\/\/ateliernamoi.ch\/wp-content\/uploads\/2025\/02\/Meuble3.jpeg\">\n                        <\/div>\n                        <div class=\"u-over-slide u-shading u-over-slide-3\"><\/div>\n                      <\/div>\n                      <div class=\"u-effect-fade u-gallery-item u-gallery-item-4\">\n                        <div class=\"u-back-slide\" data-image-width=\"1600\" data-image-height=\"1200\">\n                          <img decoding=\"async\" class=\"u-back-image u-expanded\" src=\"https:\/\/ateliernamoi.ch\/wp-content\/uploads\/2025\/02\/Meuble5.jpeg\">\n                        <\/div>\n                        <div class=\"u-over-slide u-shading u-over-slide-4\"><\/div>\n                      <\/div>\n                      <div class=\"u-effect-fade u-gallery-item u-gallery-item-5\">\n                        <div class=\"u-back-slide\" data-image-width=\"1125\" data-image-height=\"1254\">\n                          <img decoding=\"async\" class=\"u-back-image u-expanded\" src=\"https:\/\/ateliernamoi.ch\/wp-content\/uploads\/2025\/02\/meuble2.jpeg\">\n                        <\/div>\n                        <div class=\"u-over-slide u-shading u-over-slide-5\"><\/div>\n                      <\/div>\n                      <div class=\"u-effect-fade u-gallery-item u-gallery-item-6\">\n                        <div class=\"u-back-slide\" data-image-width=\"1280\" data-image-height=\"853\">\n                          <img decoding=\"async\" class=\"u-back-image u-expanded\" src=\"https:\/\/ateliernamoi.ch\/wp-content\/uploads\/2024\/03\/a2c648cc5f04307ce584df623112a025d9f5216012b2c45fc13b1f92447dd8e93752e421b814812de5737666848ee45c79ab4cf9e883626168e95e_1280-2.jpg\">\n                        <\/div>\n                        <div class=\"u-over-slide u-shading u-over-slide-6\"><\/div>\n                      <\/div>\n                      <div class=\"u-effect-fade u-gallery-item u-gallery-item-7\">\n                        <div class=\"u-back-slide\" data-image-width=\"1280\" data-image-height=\"853\">\n                          <img decoding=\"async\" class=\"u-back-image u-expanded\" src=\"https:\/\/ateliernamoi.ch\/wp-content\/uploads\/2024\/03\/99973a7994c7df6a0ad7f503c6fe3bd75fee37e85ad04dc4cfe95b3d1ceba17ad292378d75dfd9e5d20d835910181eb21723a1602b823c291fca88_1280-2.jpg\">\n                        <\/div>\n                        <div class=\"u-over-slide u-shading u-over-slide-7\"><\/div>\n                      <\/div>\n                      <div class=\"u-effect-fade u-gallery-item u-gallery-item-8\">\n                        <div class=\"u-back-slide\" data-image-width=\"1280\" data-image-height=\"853\">\n                          <img decoding=\"async\" class=\"u-back-image u-expanded\" src=\"https:\/\/ateliernamoi.ch\/wp-content\/uploads\/2024\/03\/7a3bd2737c4845e54a857b61d88b864cee2ba9ae92560098be1c0bd2c4dbcd8d73f9c1bec0838a5e7006083901799d7d8db3e410291350249482f3_1280-2.jpg\">\n                        <\/div>\n                        <div class=\"u-over-slide u-shading u-over-slide-8\"><\/div>\n                      <\/div>\n                      <div class=\"u-effect-fade u-gallery-item u-gallery-item-9\">\n                        <div class=\"u-back-slide\" data-image-width=\"1280\" data-image-height=\"853\">\n                          <img decoding=\"async\" class=\"u-back-image u-expanded\" src=\"https:\/\/ateliernamoi.ch\/wp-content\/uploads\/2024\/03\/d6781e07b11c9921b383b5a5081988b55373faa6f531fa34b7ad728b15bc44b0ecd98521ab44cc58e98300fea4aabc5f5454f7a7eab86a06e54c86_1280-2.jpg\">\n                        <\/div>\n                        <div class=\"u-over-slide u-shading u-over-slide-9\"><\/div>\n                      <\/div>\n                    <\/div>\n                  <\/div>\n                <\/div>\n              <\/div>\n              <div class=\"u-align-justify u-container-align-left u-container-style u-layout-cell u-left-cell u-size-40 u-layout-cell-2\">\n                <div class=\"u-container-layout u-valign-middle u-container-layout-2\">\n                  <p class=\"u-text u-text-body-alt-color u-text-2\">La transformation, c'est l'opportunit\u00e9 de voir le potentiel cach\u00e9 et de le faire briller sous une nouvelle forme.<br>\n                    <br>Transformer un vieux meuble, c\u2019est lui offrir une seconde vie et lui donner une place unique dans votre int\u00e9rieur. Avec un peu de cr\u00e9ativit\u00e9, un coup de pinceau, ou quelques ajustements, ce meuble peut devenir une pi\u00e8ce centrale, parfaitement int\u00e9gr\u00e9e \u00e0 votre d\u00e9co. Que ce soit par un relooking de peinture, une nouvelle poign\u00e9e, ou un retapissage, chaque transformation permet de marier l\u2019ancien au moderne, tout en ajoutant du caract\u00e8re et de l\u2019authenticit\u00e9 \u00e0 votre espace. C\u2019est une fa\u00e7on personnelle et \u00e9coresponsable de personnaliser votre int\u00e9rieur tout en faisant un geste pour la plan\u00e8te.\n                  <\/p>\n                <\/div>\n              <\/div>\n            <\/div>\n          <\/div>\n        <\/div>\n      <\/div>\n    <\/section>\n    <section class=\"u-clearfix u-container-align-center u-white u-section-5\" id=\"carousel_d49c\">\n      <div class=\"u-clearfix u-sheet u-sheet-1\">\n        <h2 class=\"u-align-center u-custom-font u-text u-text-custom-color-2 u-text-1\">Upcycling<br>\n        <\/h2>\n        <div class=\"data-layout-selected rounded-1 u-clearfix u-expanded-width u-gutter-0 u-layout-spacing-vertical u-layout-wrap u-layout-wrap-1\">\n          <div class=\"u-layout\">\n            <div class=\"u-layout-row\">\n              <div class=\"u-align-justify u-container-align-left u-container-style u-layout-cell u-left-cell u-size-40 u-layout-cell-1\">\n                <div class=\"u-container-layout u-valign-middle u-container-layout-1\">\n                  <p class=\"u-text u-text-2\">L\u2019upcycling est l'art de transformer des mat\u00e9riaux ou des objets destin\u00e9s \u00e0 \u00eatre jet\u00e9s en cr\u00e9ations utiles et esth\u00e9tiques. Plut\u00f4t que de se d\u00e9barrasser des vieux meubles, v\u00eatements ou objets, l'upcycling leur donne une nouvelle vie en les r\u00e9inventant.&nbsp;<br>\n                    <br>Cette d\u00e9marche \u00e9coresponsable permet de r\u00e9duire les d\u00e9chets tout en stimulant la cr\u00e9ativit\u00e9. Que ce soit pour r\u00e9nover un meuble, cr\u00e9er des accessoires ou des \u0153uvres d'art, l'upcycling allie innovation, durabilit\u00e9 et personnalisation, tout en contribuant \u00e0 la pr\u00e9servation de l'environnement.&nbsp;<br>\n                    <br>C\u2019est une mani\u00e8re de faire du neuf avec du vieux, tout en ayant un impact positif sur la plan\u00e8te.\n                  <\/p>\n                <\/div>\n              <\/div>\n              <div class=\"u-container-style u-layout-cell u-radius u-right-cell u-shape-rectangle u-size-20 u-layout-cell-2\" src=\"\">\n                <div class=\"u-container-layout u-container-layout-2\">\n                  <div class=\"u-expanded-width u-gallery u-layout-grid u-lightbox u-no-transition u-show-text-on-hover u-gallery-1\" id=\"carousel-d182\">\n                    <div class=\"u-gallery-inner u-gallery-inner-1\" role=\"listbox\">\n                      <div class=\"u-effect-fade u-gallery-item u-gallery-item-1\">\n                        <div class=\"u-back-slide\" data-image-width=\"1443\" data-image-height=\"1600\">\n                          <img decoding=\"async\" class=\"u-back-image u-expanded\" src=\"https:\/\/ateliernamoi.ch\/wp-content\/uploads\/2025\/02\/Bf5.jpeg\">\n                        <\/div>\n                        <div class=\"u-over-slide u-shading u-over-slide-1\"><\/div>\n                      <\/div>\n                      <div class=\"u-effect-fade u-gallery-item u-gallery-item-2\">\n                        <div class=\"u-back-slide\" data-image-width=\"1200\" data-image-height=\"1600\">\n                          <img decoding=\"async\" class=\"u-back-image u-expanded\" src=\"https:\/\/ateliernamoi.ch\/wp-content\/uploads\/2025\/02\/BF10.jpeg\">\n                        <\/div>\n                        <div class=\"u-over-slide u-shading u-over-slide-2\"><\/div>\n                      <\/div>\n                      <div class=\"u-effect-fade u-gallery-item u-gallery-item-3\">\n                        <div class=\"u-back-slide\" data-image-width=\"1200\" data-image-height=\"1600\">\n                          <img decoding=\"async\" class=\"u-back-image u-expanded\" src=\"https:\/\/ateliernamoi.ch\/wp-content\/uploads\/2025\/02\/BF9.jpeg\">\n                        <\/div>\n                        <div class=\"u-over-slide u-shading u-over-slide-3\"><\/div>\n                      <\/div>\n                      <div class=\"u-effect-fade u-gallery-item u-gallery-item-4\">\n                        <div class=\"u-back-slide\" data-image-width=\"1200\" data-image-height=\"1600\">\n                          <img decoding=\"async\" class=\"u-back-image u-expanded\" src=\"https:\/\/ateliernamoi.ch\/wp-content\/uploads\/2025\/02\/BF4.jpeg\">\n                        <\/div>\n                        <div class=\"u-over-slide u-shading u-over-slide-4\"><\/div>\n                      <\/div>\n                      <div class=\"u-effect-fade u-gallery-item u-gallery-item-5\">\n                        <div class=\"u-back-slide\" data-image-width=\"1200\" data-image-height=\"1600\">\n                          <img decoding=\"async\" class=\"u-back-image u-expanded\" src=\"https:\/\/ateliernamoi.ch\/wp-content\/uploads\/2025\/02\/BF11.jpeg\">\n                        <\/div>\n                        <div class=\"u-over-slide u-shading u-over-slide-5\"><\/div>\n                      <\/div>\n                      <div class=\"u-effect-fade u-gallery-item u-gallery-item-6\">\n                        <div class=\"u-back-slide\" data-image-width=\"1600\" data-image-height=\"1388\">\n                          <img decoding=\"async\" class=\"u-back-image u-expanded\" src=\"https:\/\/ateliernamoi.ch\/wp-content\/uploads\/2025\/02\/BF8.jpeg\">\n                        <\/div>\n                        <div class=\"u-over-slide u-shading u-over-slide-6\"><\/div>\n                      <\/div>\n                      <div class=\"u-effect-fade u-gallery-item u-gallery-item-7\">\n                        <div class=\"u-back-slide\" data-image-width=\"2048\" data-image-height=\"1579\">\n                          <img decoding=\"async\" class=\"u-back-image u-expanded\" src=\"https:\/\/ateliernamoi.ch\/wp-content\/uploads\/2025\/02\/BF3.jpeg\">\n                        <\/div>\n                        <div class=\"u-over-slide u-shading u-over-slide-7\"><\/div>\n                      <\/div>\n                      <div class=\"u-effect-fade u-gallery-item u-gallery-item-8\">\n                        <div class=\"u-back-slide\" data-image-width=\"1536\" data-image-height=\"2048\">\n                          <img decoding=\"async\" class=\"u-back-image u-expanded\" src=\"https:\/\/ateliernamoi.ch\/wp-content\/uploads\/2025\/02\/BF1.jpeg\">\n                        <\/div>\n                        <div class=\"u-over-slide u-shading u-over-slide-8\"><\/div>\n                      <\/div>\n                      <div class=\"u-effect-fade u-gallery-item u-gallery-item-9\">\n                        <div class=\"u-back-slide\" data-image-width=\"2048\" data-image-height=\"1536\">\n                          <img decoding=\"async\" class=\"u-back-image u-expanded\" src=\"https:\/\/ateliernamoi.ch\/wp-content\/uploads\/2025\/02\/BF2.jpeg\">\n                        <\/div>\n                        <div class=\"u-over-slide u-shading u-over-slide-9\"><\/div>\n                      <\/div>\n                    <\/div>\n                  <\/div>\n                <\/div>\n              <\/div>\n            <\/div>\n          <\/div>\n        <\/div>\n      <\/div>\n    <\/section>\n    \n    \n    \n  \n","protected":false},"excerpt":{"rendered":"<p>Mes services Je propose une gamme de services cr\u00e9atifs pour lib\u00e9rer votre imagination : &#8211; Ateliers cr\u00e9atifs Ateliers anniversaire- Ateliers parents-enfants- Ateliers solo- EVJF &#8211; Cr\u00e9ations artisanales uniques- D\u00e9coration de vitrines- Upcycling et Relooking (meubles, objets, etc.) Voici quelques domaines que vous pouvez explorer \u00e0 mon atelier :&nbsp;&#8211; Carterie et Scrapbooking- Cuir- Textile- Broderie- Feutrine- &hellip; <a href=\"https:\/\/ateliernamoi.ch\/?page_id=143\" class=\"more-link\">Continue reading<span class=\"screen-reader-text\"> &#8222;Services&#8220;<\/span><\/a><\/p>\n","protected":false},"author":4,"featured_media":0,"parent":0,"menu_order":0,"comment_status":"closed","ping_status":"closed","template":"","meta":{"footnotes":""},"class_list":["post-143","page","type-page","status-publish","hentry"],"_links":{"self":[{"href":"https:\/\/ateliernamoi.ch\/index.php?rest_route=\/wp\/v2\/pages\/143","targetHints":{"allow":["GET"]}}],"collection":[{"href":"https:\/\/ateliernamoi.ch\/index.php?rest_route=\/wp\/v2\/pages"}],"about":[{"href":"https:\/\/ateliernamoi.ch\/index.php?rest_route=\/wp\/v2\/types\/page"}],"author":[{"embeddable":true,"href":"https:\/\/ateliernamoi.ch\/index.php?rest_route=\/wp\/v2\/users\/4"}],"replies":[{"embeddable":true,"href":"https:\/\/ateliernamoi.ch\/index.php?rest_route=%2Fwp%2Fv2%2Fcomments&post=143"}],"version-history":[{"count":19,"href":"https:\/\/ateliernamoi.ch\/index.php?rest_route=\/wp\/v2\/pages\/143\/revisions"}],"predecessor-version":[{"id":631,"href":"https:\/\/ateliernamoi.ch\/index.php?rest_route=\/wp\/v2\/pages\/143\/revisions\/631"}],"wp:attachment":[{"href":"https:\/\/ateliernamoi.ch\/index.php?rest_route=%2Fwp%2Fv2%2Fmedia&parent=143"}],"curies":[{"name":"wp","href":"https:\/\/api.w.org\/{rel}","templated":true}]}}