{"id":29,"date":"2024-03-11T17:59:01","date_gmt":"2024-03-11T16:59:01","guid":{"rendered":"https:\/\/ateliernamoi.ch\/?page_id=29"},"modified":"2025-03-05T14:18:34","modified_gmt":"2025-03-05T13:18:34","slug":"accueil","status":"publish","type":"page","link":"https:\/\/ateliernamoi.ch\/","title":{"rendered":"Accueil"},"content":{"rendered":"\n    \n    <section class=\"skrollable u-clearfix u-image u-section-2\" id=\"sec-a052\" data-image-width=\"2048\" data-image-height=\"1536\" style=\"background-image: url(&quot;https:\/\/ateliernamoi.ch\/wp-content\/uploads\/2025\/02\/Atelier1.jpeg&quot;);\">\n      <div class=\"u-clearfix u-sheet u-valign-middle u-sheet-1\">\n        <div class=\"u-container-style u-gradient u-group u-radius u-shape-round u-group-1\">\n          <div class=\"u-container-layout u-valign-bottom u-container-layout-1\">\n            <h1 class=\"u-align-center u-custom-font u-font-roboto-slab u-text u-text-grey-80 u-text-1\">Atelier<\/h1>\n            <h1 class=\"u-align-center u-custom-font u-text u-text-default u-text-grey-80 u-text-2\">NaMo\u00ef<\/h1>\n            <h2 class=\"u-align-center u-custom-font u-text u-text-default u-text-grey-80 u-text-3\">Atelier cr\u00e9atif et Brocante <\/h2>\n          <\/div>\n        <\/div>\n      <\/div>\n    <\/section>\n    <section class=\"u-clearfix u-section-3\" id=\"sec-ddb0\">\n      <div class=\"u-clearfix u-sheet u-sheet-1\">\n        <h2 class=\"u-align-center u-custom-font u-text u-text-custom-color-2 u-text-default u-text-1\">Qui suis-je ? <\/h2>\n        <div class=\"data-layout-selected rounded-1 u-clearfix u-expanded-width u-gutter-0 u-layout-wrap u-layout-wrap-1\">\n          <div class=\"u-layout\" style=\"\">\n            <div class=\"u-layout-row\" style=\"\">\n              <div class=\"u-align-center u-container-align-center u-container-style u-layout-cell u-right-cell u-size-30 u-size-xs-60 u-layout-cell-1\" src=\"\">\n                <div class=\"u-container-layout u-valign-top u-container-layout-1\" src=\"\">\n                  <img decoding=\"async\" class=\"rounded-1 u-expanded-width u-image u-image-1\" src=\"https:\/\/ateliernamoi.ch\/wp-content\/uploads\/2025\/02\/Moi.jpeg\" data-image-width=\"1536\" data-image-height=\"2048\">\n                <\/div>\n              <\/div>\n              <div class=\"u-align-center u-container-align-center u-container-style u-layout-cell u-left-cell u-size-30 u-size-xs-60 u-white u-layout-cell-2\" src=\"\">\n                <div class=\"u-container-layout u-valign-middle u-container-layout-2\">\n                  <span class=\"u-align-center u-icon u-icon-circle u-palette-1-base u-text-white u-icon-1\"><svg class=\"u-svg-link\" preserveAspectRatio=\"xMidYMin slice\" viewBox=\"0 0 32 32\" style=\"\"><use xmlns:xlink=\"http:\/\/www.w3.org\/1999\/xlink\" xlink:href=\"#svg-0521\"><\/use><\/svg><svg class=\"u-svg-content\" viewBox=\"0 0 32 32\" id=\"svg-0521\"><g><path d=\"M20.388,10.918L32,12.118l-8.735,7.749L25.914,31.4l-9.893-6.088L6.127,31.4l2.695-11.533L0,12.118 l11.547-1.2L16.026,0.6L20.388,10.918z\"><\/path>\n<\/g><\/svg><\/span>\n                  <p class=\"u-align-center u-text u-text-2\"> Cr\u00e9ative depuis toujours, autodidacte et un peu d\u00e9cal\u00e9e, je suis ravie de partager avec vous mes cr\u00e9ations uniques, ma brocante, mes ateliers et services. Retrouvez-moi sur les r\u00e9seaux, mon site ou \u00e0 mon atelier \u00e0 Pravidondaz (Salins).<\/p>\n                  <a href=\"https:\/\/ateliernamoi.ch\/?page_id=64\" class=\"u-active-none u-align-center u-border-2 u-border-custom-color-1 u-border-no-left u-border-no-right u-border-no-top u-btn u-btn-rectangle u-button-style u-hover-none u-none u-text-custom-color-1 u-btn-1\">En savoir plus<\/a>\n                <\/div>\n              <\/div>\n            <\/div>\n          <\/div>\n        <\/div>\n      <\/div>\n    <\/section>\n    <section class=\"u-clearfix u-custom-color-1 u-section-4\" id=\"carousel_2090\">\n      <div class=\"u-clearfix u-sheet u-sheet-1\">\n        <h2 class=\"u-align-center u-custom-font u-text u-text-body-alt-color u-text-default u-text-1\">Mon atelier <br>\n        <\/h2>\n        <div class=\"data-layout-selected rounded-1 u-clearfix u-expanded-width u-gutter-0 u-layout-wrap u-layout-wrap-1\">\n          <div class=\"u-layout\" style=\"\">\n            <div class=\"u-layout-row\" style=\"\">\n              <div class=\"u-align-center u-container-align-center u-container-style u-layout-cell u-left-cell u-radius u-shape-round u-size-30 u-size-xs-60 u-white u-layout-cell-1\" src=\"\">\n                <div class=\"u-container-layout u-container-layout-1\">\n                  <span class=\"u-align-center u-file-icon u-icon u-icon-circle u-palette-1-base u-text-white u-icon-1\"><img decoding=\"async\" src=\"https:\/\/ateliernamoi.ch\/wp-content\/uploads\/2024\/03\/a3314985.png\" alt=\"\"><\/span>\n                  <p class=\"u-align-center u-custom-font u-text u-text-2\"> La cr\u00e9ativit\u00e9 est ma fa\u00e7on de partager mon \u00e2me avec ce monde...&nbsp;<\/p>\n                  <a href=\"https:\/\/ateliernamoi.ch\/?page_id=93\" class=\"u-active-none u-align-center u-border-2 u-border-custom-color-1 u-border-no-left u-border-no-right u-border-no-top u-btn u-btn-rectangle u-button-style u-hover-none u-none u-text-custom-color-1 u-btn-1\">En savoir plus<\/a>\n                <\/div>\n              <\/div>\n              <div class=\"u-align-center u-container-align-center u-container-style u-layout-cell u-right-cell u-size-30 u-size-xs-60 u-layout-cell-2\" src=\"\">\n                <div class=\"u-container-layout u-container-layout-2\" src=\"\">\n                  <img decoding=\"async\" class=\"rounded-2 u-expanded-width u-hover-feature u-image u-image-1\" src=\"https:\/\/ateliernamoi.ch\/wp-content\/uploads\/2025\/02\/Intrieur2.jpeg\" data-image-width=\"2048\" data-image-height=\"1536\">\n                <\/div>\n              <\/div>\n            <\/div>\n          <\/div>\n        <\/div>\n      <\/div>\n      \n    <\/section>\n    <section class=\"u-clearfix u-container-align-center u-section-5\" id=\"sec-e077\">\n      <div class=\"u-clearfix u-sheet u-sheet-1\">\n        <h2 class=\"u-align-center u-custom-font u-text u-text-custom-color-2 u-text-default u-text-1\">Cr\u00e9ations<\/h2>\n        <div class=\"u-social-icons u-spacing-10 u-social-icons-1\">\n          <a class=\"u-social-url\" title=\"facebook\" target=\"_blank\" href=\"https:\/\/facebook.com\/name\">\n            <span class=\"u-icon u-social-facebook u-social-icon u-text-custom-color-1 u-icon-1\"><svg class=\"u-svg-link\" preserveAspectRatio=\"xMidYMin slice\" viewBox=\"0 0 112 112\" style=\"\"><use xmlns:xlink=\"http:\/\/www.w3.org\/1999\/xlink\" xlink:href=\"#svg-2953\"><\/use><\/svg><svg class=\"u-svg-content\" viewBox=\"0 0 112 112\" x=\"0\" y=\"0\" id=\"svg-2953\"><circle fill=\"currentColor\" cx=\"56.1\" cy=\"56.1\" r=\"55\"><\/circle><path fill=\"#FFFFFF\" d=\"M73.5,31.6h-9.1c-1.4,0-3.6,0.8-3.6,3.9v8.5h12.6L72,58.3H60.8v40.8H43.9V58.3h-8V43.9h8v-9.2\nc0-6.7,3.1-17,17-17h12.5v13.9H73.5z\"><\/path><\/svg><\/span>\n          <\/a>\n          <a class=\"u-social-url\" title=\"instagram\" target=\"_blank\" href=\"https:\/\/instagram.com\/name\">\n            <span class=\"u-icon u-social-icon u-social-instagram u-text-custom-color-1 u-icon-2\"><svg class=\"u-svg-link\" preserveAspectRatio=\"xMidYMin slice\" viewBox=\"0 0 112 112\" style=\"\"><use xmlns:xlink=\"http:\/\/www.w3.org\/1999\/xlink\" xlink:href=\"#svg-eb98\"><\/use><\/svg><svg class=\"u-svg-content\" viewBox=\"0 0 112 112\" x=\"0\" y=\"0\" id=\"svg-eb98\"><circle fill=\"currentColor\" cx=\"56.1\" cy=\"56.1\" r=\"55\"><\/circle><path fill=\"#FFFFFF\" d=\"M55.9,38.2c-9.9,0-17.9,8-17.9,17.9C38,66,46,74,55.9,74c9.9,0,17.9-8,17.9-17.9C73.8,46.2,65.8,38.2,55.9,38.2\nz M55.9,66.4c-5.7,0-10.3-4.6-10.3-10.3c-0.1-5.7,4.6-10.3,10.3-10.3c5.7,0,10.3,4.6,10.3,10.3C66.2,61.8,61.6,66.4,55.9,66.4z\"><\/path><path fill=\"#FFFFFF\" d=\"M74.3,33.5c-2.3,0-4.2,1.9-4.2,4.2s1.9,4.2,4.2,4.2s4.2-1.9,4.2-4.2S76.6,33.5,74.3,33.5z\"><\/path><path fill=\"#FFFFFF\" d=\"M73.1,21.3H38.6c-9.7,0-17.5,7.9-17.5,17.5v34.5c0,9.7,7.9,17.6,17.5,17.6h34.5c9.7,0,17.5-7.9,17.5-17.5V38.8\nC90.6,29.1,82.7,21.3,73.1,21.3z M83,73.3c0,5.5-4.5,9.9-9.9,9.9H38.6c-5.5,0-9.9-4.5-9.9-9.9V38.8c0-5.5,4.5-9.9,9.9-9.9h34.5\nc5.5,0,9.9,4.5,9.9,9.9V73.3z\"><\/path><\/svg><\/span>\n          <\/a>\n        <\/div>\n        <div class=\"u-expanded-width u-gallery u-layout-grid u-lightbox u-no-transition u-show-text-on-hover u-gallery-1\">\n          <div class=\"u-gallery-inner u-gallery-inner-1\">\n            <div class=\"u-effect-fade u-effect-hover-zoom u-gallery-item\">\n              <div class=\"u-back-slide\" data-image-width=\"1440\" data-image-height=\"2048\">\n                <img decoding=\"async\" class=\"u-back-image u-expanded\" src=\"https:\/\/ateliernamoi.ch\/wp-content\/uploads\/2025\/02\/Scarab.jpeg\" alt=\"Exemple\">\n              <\/div>\n              <div class=\"u-over-slide u-shading u-over-slide-1\">\n                <h3 class=\"u-gallery-heading\">Exemple<\/h3>\n                <p class=\"u-gallery-text\">Exemple de texte sur image<\/p>\n              <\/div>\n            <\/div>\n            <div class=\"u-effect-fade u-effect-hover-zoom u-gallery-item\">\n              <div class=\"u-back-slide\" data-image-width=\"1124\" data-image-height=\"1500\">\n                <img decoding=\"async\" class=\"u-back-image u-expanded\" src=\"https:\/\/ateliernamoi.ch\/wp-content\/uploads\/2025\/02\/robot.jpeg\">\n              <\/div>\n              <div class=\"u-over-slide u-shading u-over-slide-2\"><\/div>\n            <\/div>\n            <div class=\"u-effect-fade u-effect-hover-zoom u-gallery-item\">\n              <div class=\"u-back-slide\" data-image-width=\"2048\" data-image-height=\"1992\">\n                <img decoding=\"async\" class=\"u-back-image u-expanded\" src=\"https:\/\/ateliernamoi.ch\/wp-content\/uploads\/2025\/02\/Lampe2.jpeg\">\n              <\/div>\n              <div class=\"u-over-slide u-shading u-over-slide-3\"><\/div>\n            <\/div>\n            <div class=\"u-effect-fade u-effect-hover-zoom u-gallery-item\">\n              <div class=\"u-back-slide\" data-image-width=\"2048\" data-image-height=\"1960\">\n                <img decoding=\"async\" class=\"u-back-image u-expanded\" src=\"https:\/\/ateliernamoi.ch\/wp-content\/uploads\/2025\/02\/Toile1.jpeg\">\n              <\/div>\n              <div class=\"u-over-slide u-shading u-over-slide-4\"><\/div>\n            <\/div>\n          <\/div>\n        <\/div>\n      <\/div>\n    <\/section>\n    <section class=\"u-align-center u-clearfix u-container-align-center u-custom-color-1 u-section-6\" id=\"sec-36f2\">\n      <div class=\"u-align-left u-clearfix u-sheet u-sheet-1\">\n        <h2 class=\"u-align-center u-custom-font u-text u-text-body-alt-color u-text-default u-text-1\">Mes services<\/h2>\n        <div class=\"u-expanded-width u-list u-list-1\">\n          <div class=\"u-repeater u-repeater-1\">\n            <div class=\"u-align-center u-container-align-center u-container-style u-list-item u-repeater-item\">\n              <div class=\"u-container-layout u-similar-container u-container-layout-1\">\n                <img decoding=\"async\" class=\"u-align-center u-image u-image-round u-radius u-image-1\" src=\"https:\/\/ateliernamoi.ch\/wp-content\/uploads\/2025\/02\/BF1.jpeg\" alt=\"\" data-image-width=\"1536\" data-image-height=\"2048\">\n                <h3 class=\"u-custom-font u-text u-text-body-alt-color u-text-default u-text-font u-text-2\">Cr\u00e9ation<\/h3>\n                <p class=\"u-text u-text-body-alt-color u-text-3\">Chaque projet est une occasion d'explorer de nouvelles id\u00e9es, d'utiliser divers mat\u00e9riaux et de donner vie \u00e0 des objets originaux.<br>\n                <\/p>\n                <a href=\"https:\/\/ateliernamoi.ch\/?page_id=143\" class=\"u-active-none u-align-center u-border-2 u-border-hover-white u-border-no-left u-border-no-right u-border-no-top u-border-white u-btn u-button-style u-hover-none u-none u-text-body-alt-color u-btn-1\">EN SAVOIR PLUS<\/a>\n              <\/div>\n            <\/div>\n            <div class=\"u-align-center u-container-align-center u-container-style u-list-item u-repeater-item\">\n              <div class=\"u-container-layout u-similar-container u-container-layout-2\">\n                <img decoding=\"async\" class=\"u-align-center u-image u-image-round u-radius u-image-2\" src=\"https:\/\/ateliernamoi.ch\/wp-content\/uploads\/2025\/02\/Meuble1.jpeg\" alt=\"\" data-image-width=\"1200\" data-image-height=\"1600\">\n                <h3 class=\"u-custom-font u-text u-text-body-alt-color u-text-default u-text-font u-text-4\"> Transformation<\/h3>\n                <p class=\"u-text u-text-body-alt-color u-text-5\"> C'est un processus cr\u00e9atif o\u00f9 l'ancien devient unique, o\u00f9 chaque d\u00e9tail compte pour m\u00e9tamorphoser l'ordinaire en extraordinaire.<\/p>\n                <a href=\"https:\/\/ateliernamoi.ch\/?page_id=143\" class=\"u-active-none u-align-center u-border-2 u-border-hover-white u-border-no-left u-border-no-right u-border-no-top u-border-white u-btn u-button-style u-hover-none u-none u-text-body-alt-color u-btn-2\"> EN SAVOIR PLUS<\/a>\n              <\/div>\n            <\/div>\n            <div class=\"u-align-center u-container-align-center u-container-style u-list-item u-repeater-item\">\n              <div class=\"u-container-layout u-similar-container u-container-layout-3\">\n                <img decoding=\"async\" class=\"u-align-center u-image u-image-round u-radius u-image-3\" src=\"https:\/\/ateliernamoi.ch\/wp-content\/uploads\/2025\/02\/Scarab.jpeg\" alt=\"\" data-image-width=\"1140\" data-image-height=\"1621\">\n                <h3 class=\"u-custom-font u-text u-text-body-alt-color u-text-default u-text-font u-text-6\"> Upcycling<\/h3>\n                <p class=\"u-text u-text-body-alt-color u-text-7\"> L'upcycling, c'est redonner du sens et de la beaut\u00e9 \u00e0 ce qui semblait \u00eatre perdu, en alliant imagination, revalorisation et association d'objets.<\/p>\n                <a href=\"https:\/\/ateliernamoi.ch\/?page_id=143\" class=\"u-active-none u-align-center u-border-2 u-border-hover-white u-border-no-left u-border-no-right u-border-no-top u-border-white u-btn u-button-style u-hover-none u-none u-text-body-alt-color u-btn-3\"> EN SAVOIR PLUS<\/a>\n              <\/div>\n            <\/div>\n          <\/div>\n        <\/div>\n      <\/div>\n    <\/section>\n    \n    \n    \n  \n","protected":false},"excerpt":{"rendered":"<p>Atelier NaMo\u00ef Atelier cr\u00e9atif et Brocante Qui suis-je ? Cr\u00e9ative depuis toujours, autodidacte et un peu d\u00e9cal\u00e9e, je suis ravie de partager avec vous mes cr\u00e9ations uniques, ma brocante, mes ateliers et services. Retrouvez-moi sur les r\u00e9seaux, mon site ou \u00e0 mon atelier \u00e0 Pravidondaz (Salins). En savoir plus Mon atelier La cr\u00e9ativit\u00e9 est ma &hellip; <a href=\"https:\/\/ateliernamoi.ch\/\" class=\"more-link\">Continue reading<span class=\"screen-reader-text\"> &#8220;Accueil&#8221;<\/span><\/a><\/p>\n","protected":false},"author":4,"featured_media":0,"parent":0,"menu_order":1,"comment_status":"closed","ping_status":"closed","template":"","meta":{"footnotes":""},"class_list":["post-29","page","type-page","status-publish","hentry"],"_links":{"self":[{"href":"https:\/\/ateliernamoi.ch\/index.php?rest_route=\/wp\/v2\/pages\/29","targetHints":{"allow":["GET"]}}],"collection":[{"href":"https:\/\/ateliernamoi.ch\/index.php?rest_route=\/wp\/v2\/pages"}],"about":[{"href":"https:\/\/ateliernamoi.ch\/index.php?rest_route=\/wp\/v2\/types\/page"}],"author":[{"embeddable":true,"href":"https:\/\/ateliernamoi.ch\/index.php?rest_route=\/wp\/v2\/users\/4"}],"replies":[{"embeddable":true,"href":"https:\/\/ateliernamoi.ch\/index.php?rest_route=%2Fwp%2Fv2%2Fcomments&post=29"}],"version-history":[{"count":20,"href":"https:\/\/ateliernamoi.ch\/index.php?rest_route=\/wp\/v2\/pages\/29\/revisions"}],"predecessor-version":[{"id":701,"href":"https:\/\/ateliernamoi.ch\/index.php?rest_route=\/wp\/v2\/pages\/29\/revisions\/701"}],"wp:attachment":[{"href":"https:\/\/ateliernamoi.ch\/index.php?rest_route=%2Fwp%2Fv2%2Fmedia&parent=29"}],"curies":[{"name":"wp","href":"https:\/\/api.w.org\/{rel}","templated":true}]}}