{"id":30,"date":"2024-03-11T17:59:02","date_gmt":"2024-03-11T16:59:02","guid":{"rendered":"https:\/\/ateliernamoi.ch\/?page_id=30"},"modified":"2025-03-05T15:29:04","modified_gmt":"2025-03-05T14:29:04","slug":"contact","status":"publish","type":"page","link":"https:\/\/ateliernamoi.ch\/?page_id=30","title":{"rendered":"Contact"},"content":{"rendered":"\n    \n    <section class=\"u-clearfix u-custom-color-2 u-section-2\" id=\"sec-69c4\">\n      <div class=\"u-clearfix u-sheet u-sheet-1\">\n        <h2 class=\"u-align-center u-custom-font u-text u-text-body-alt-color u-text-1\">Horaires<\/h2>\n        <img decoding=\"async\" class=\"u-image u-image-round u-radius u-image-1\" src=\"https:\/\/ateliernamoi.ch\/wp-content\/uploads\/2025\/03\/Photo04.03.25192719.png\" alt=\"\" data-image-width=\"1080\" data-image-height=\"1350\">\n      <\/div>\n    <\/section>\n    <section class=\"u-clearfix u-custom-color-2 u-section-3\" id=\"sec-beba\">\n      <div class=\"u-clearfix u-sheet u-sheet-1\">\n        <h2 class=\"u-custom-font u-text u-text-body-alt-color u-text-1\">Ou me trouver ?<br>\n        <\/h2>\n        <p class=\"u-align-center u-text u-text-body-alt-color u-text-2\">Mon atelier-brocante se trouve \u00e0 l'\u00e9tage de l'ancienne banque Raiffeisen&nbsp;<br>au 1er \u00e9tage du b\u00e2timent ou il y a la boite \u00e0 lettre jaune de la poste (palier en dessous).&nbsp;<br>Le parking est gratuit.\n        <\/p>\n        <div class=\"data-layout-selected u-clearfix u-expanded-width u-layout-wrap u-layout-wrap-1\">\n          <div class=\"u-layout\">\n            <div class=\"u-layout-row\">\n              <div class=\"u-align-left u-container-align-left u-container-style u-layout-cell u-left-cell u-size-30 u-layout-cell-1\">\n                <div class=\"u-container-layout u-container-layout-1\">\n                  <h2 class=\"u-text u-text-body-alt-color u-text-3\">Nathalie Senggen<br>\n                  <\/h2>\n                  <p class=\"u-text u-text-body-alt-color u-text-4\">Route de Salins 37<br>1991 Pravidondaz, VS<br>\n                    <br>\n                    <a href=\"https:\/\/maps.app.goo.gl\/xwdGtHtQA87JRh7z7?g_st=com.google.maps.preview.copy\" class=\"u-active-none u-border-none u-btn u-button-link u-button-style u-hover-none u-none u-text-palette-1-base u-btn-1\">Localisation<\/a>\n                    <br>\n                    <br>\n                  <\/p>\n                  <p class=\"u-text u-text-5\">\n                    <a href=\"tel:+41793657798\" class=\"u-active-none u-border-none u-btn u-button-link u-button-style u-hover-none u-none u-text-body-alt-color u-btn-2\">+41 79 333 24 55 <\/a>\n                  <\/p>\n                  <p class=\"u-text u-text-body-alt-color u-text-6\">\n                    <a href=\"mailto:info@ateliernamoi.ch\" class=\"u-active-none u-border-none u-btn u-button-link u-button-style u-hover-none u-none u-text-body-alt-color u-btn-3\">info@ateliernamoi.ch<\/a>\n                  <\/p>\n                <\/div>\n              <\/div>\n              <div class=\"u-container-style u-layout-cell u-radius u-right-cell u-size-30 u-layout-cell-2\">\n                <div class=\"u-container-layout u-valign-middle u-container-layout-2\">\n                  <img decoding=\"async\" class=\"custom-expanded u-align-center u-image u-image-round u-radius u-image-1\" src=\"https:\/\/ateliernamoi.ch\/wp-content\/uploads\/2025\/02\/Atelier1.jpeg\" data-image-width=\"2048\" data-image-height=\"1536\">\n                <\/div>\n              <\/div>\n            <\/div>\n          <\/div>\n        <\/div>\n      <\/div>\n    <\/section>\n    \n    \n    \n  \n","protected":false},"excerpt":{"rendered":"<p>Horaires Ou me trouver ? Mon atelier-brocante se trouve \u00e0 l&#8217;\u00e9tage de l&#8217;ancienne banque Raiffeisen&nbsp;au 1er \u00e9tage du b\u00e2timent ou il y a la boite \u00e0 lettre jaune de la poste (palier en dessous).&nbsp;Le parking est gratuit. Nathalie Senggen Route de Salins 371991 Pravidondaz, VS Localisation +41 79 333 24 55 info@ateliernamoi.ch<\/p>\n","protected":false},"author":4,"featured_media":0,"parent":0,"menu_order":2,"comment_status":"closed","ping_status":"closed","template":"","meta":{"footnotes":""},"class_list":["post-30","page","type-page","status-publish","hentry"],"_links":{"self":[{"href":"https:\/\/ateliernamoi.ch\/index.php?rest_route=\/wp\/v2\/pages\/30","targetHints":{"allow":["GET"]}}],"collection":[{"href":"https:\/\/ateliernamoi.ch\/index.php?rest_route=\/wp\/v2\/pages"}],"about":[{"href":"https:\/\/ateliernamoi.ch\/index.php?rest_route=\/wp\/v2\/types\/page"}],"author":[{"embeddable":true,"href":"https:\/\/ateliernamoi.ch\/index.php?rest_route=\/wp\/v2\/users\/4"}],"replies":[{"embeddable":true,"href":"https:\/\/ateliernamoi.ch\/index.php?rest_route=%2Fwp%2Fv2%2Fcomments&post=30"}],"version-history":[{"count":7,"href":"https:\/\/ateliernamoi.ch\/index.php?rest_route=\/wp\/v2\/pages\/30\/revisions"}],"predecessor-version":[{"id":720,"href":"https:\/\/ateliernamoi.ch\/index.php?rest_route=\/wp\/v2\/pages\/30\/revisions\/720"}],"wp:attachment":[{"href":"https:\/\/ateliernamoi.ch\/index.php?rest_route=%2Fwp%2Fv2%2Fmedia&parent=30"}],"curies":[{"name":"wp","href":"https:\/\/api.w.org\/{rel}","templated":true}]}}