{"id":437,"date":"2025-02-26T14:19:09","date_gmt":"2025-02-26T13:19:09","guid":{"rendered":"https:\/\/ateliernamoi.ch\/?page_id=437"},"modified":"2025-03-05T15:21:55","modified_gmt":"2025-03-05T14:21:55","slug":"cours","status":"publish","type":"page","link":"https:\/\/ateliernamoi.ch\/?page_id=437","title":{"rendered":"Cours"},"content":{"rendered":"\n    \n    <section class=\"u-clearfix u-custom-color-2 u-section-2\" id=\"sec-9ecc\">\n      <div class=\"u-clearfix u-sheet u-sheet-1\">\n        <h2 class=\"u-align-center u-custom-font u-text u-text-body-alt-color u-text-1\">Cours<\/h2>\n        <div class=\"data-layout-selected u-clearfix u-expanded-width u-gutter-0 u-layout-spacing-vertical u-layout-wrap u-layout-wrap-1\">\n          <div class=\"u-layout\">\n            <div class=\"u-layout-row\">\n              <div class=\"u-container-style u-image u-image-round u-layout-cell u-radius u-right-cell u-size-20 u-image-1\" src=\"\" data-image-width=\"2550\" data-image-height=\"4029\" style=\"background-image: url(&quot;https:\/\/ateliernamoi.ch\/wp-content\/uploads\/2025\/03\/IMG_4169-scaled.jpeg&quot;);\">\n                <div class=\"u-container-layout u-container-layout-1\"><\/div>\n              <\/div>\n              <div class=\"u-align-justify u-container-style u-layout-cell u-left-cell u-size-40 u-layout-cell-2\">\n                <div class=\"u-container-layout u-container-layout-2\">\n                  <h4 class=\"u-align-center u-custom-font u-text u-text-body-alt-color u-text-2\">Atelier Floral<\/h4>\n                  <p class=\"u-text u-text-body-alt-color u-text-3\"> Date : 15 mars 2025 de 14h00 \u00e0 15h30 \u00e0 l'atelier<br>Lieu : Atelier Namo\u00ef - Rte de Salins 37- 1991 Pravidondaz (Salins)<br>Prix : 50.- mat\u00e9riel et caf\u00e9 inclus<br>Inscription : ateliernamoi@gmail.com ou 079 333 24 55<br>Places limit\u00e9es&nbsp;<br>\n                    <br> Atelier floral printanier avec bougie. Envie de c\u00e9l\u00e9brer le printemps avec \u00e9l\u00e9gance ? Rejoignez mon atelier et cr\u00e9ez un magnifique arrangement floral printanier, accompagn\u00e9 d\u2019une bougie parfum\u00e9e pour une touche de douceur.&nbsp;<br>\n                    <br>Apprenez \u00e0 assembler des fleurs fra\u00eeches ou s\u00e8ches, des \u0153ufs, de la mousse et des \u00e9l\u00e9ments de la for\u00eat en ajoutant une bougie pour apporter chaleur et ambiance \u00e0 votre cr\u00e9ation. Repartez avec une composition unique, id\u00e9ale pour d\u00e9corer votre maison ou offrir en cadeau !&nbsp;<br>\n                    <br>&#x1f4c5; R\u00e9servez votre place d\u00e8s maintenant et laissez-vous emporter par la magie du printemps !&nbsp;\n                  <\/p>\n                <\/div>\n              <\/div>\n            <\/div>\n          <\/div>\n        <\/div>\n      <\/div>\n    <\/section>\n    <section class=\"u-clearfix u-white u-section-3\" id=\"sec-d023\">\n      <div class=\"u-clearfix u-sheet u-sheet-1\">\n        <h2 class=\"u-align-center u-custom-font u-text u-text-body-alt-color u-text-1\">Cours<\/h2>\n        <div class=\"data-layout-selected u-clearfix u-expanded-width u-gutter-0 u-layout-spacing-vertical u-layout-wrap u-layout-wrap-1\">\n          <div class=\"u-layout\">\n            <div class=\"u-layout-row\">\n              <div class=\"u-align-justify u-container-style u-layout-cell u-left-cell u-size-40 u-layout-cell-1\">\n                <div class=\"u-container-layout u-container-layout-1\">\n                  <h4 class=\"u-align-center u-custom-font u-text u-text-custom-color-4 u-text-2\">Atelier Floral <\/h4>\n                  <p class=\"u-text u-text-custom-color-4 u-text-3\"> Date :&nbsp;\u200b26 mars 2025 de 16h00 \u00e0 17h30 \u00e0 l'atelier<br>Lieu : Atelier Namo\u00ef - Rte de Salins 37- 1991 Pravidondaz (Salins)<br>Prix : 50.- mat\u00e9riel et caf\u00e9 inclus<br>Inscription : ateliernamoi@gmail.com ou 079 333 24 55<br>Places limit\u00e9es&nbsp;<br>Lieu : Atelier Namo\u00ef - Rte de Salins 37- 1991 Pravidondaz (Salins)<br>Prix : 50.- mat\u00e9riel et caf\u00e9 inclus<br>Inscription : ateliernamoi@gmail.com ou 079 333 24 55<br>Places limit\u00e9es&nbsp;<br>\n                    <br> Atelier floral printanier avec bougie. Envie de c\u00e9l\u00e9brer le printemps avec \u00e9l\u00e9gance ? Rejoignez mon atelier et cr\u00e9ez un magnifique arrangement floral printanier, accompagn\u00e9 d\u2019une bougie parfum\u00e9e pour une touche de douceur.&nbsp;<br>\n                    <br>Apprenez \u00e0 assembler des fleurs fra\u00eeches ou s\u00e8ches, des \u0153ufs, de la mousse et des \u00e9l\u00e9ments de la for\u00eat en ajoutant une bougie pour apporter chaleur et ambiance \u00e0 votre cr\u00e9ation. Repartez avec une composition unique, id\u00e9ale pour d\u00e9corer votre maison ou offrir en cadeau !&nbsp;<br>\n                    <br>&#x1f4c5; R\u00e9servez votre place d\u00e8s maintenant et laissez-vous emporter par la magie du printemps !&nbsp;\n                  <\/p>\n                <\/div>\n              <\/div>\n              <div class=\"u-container-style u-image u-image-round u-layout-cell u-radius u-right-cell u-size-20 u-image-1\" src=\"\" data-image-width=\"1251\" data-image-height=\"2560\" style=\"background-image: url(&quot;https:\/\/ateliernamoi.ch\/wp-content\/uploads\/2025\/03\/IMG_4172-1000x2048.jpeg&quot;);\">\n                <div class=\"u-container-layout u-container-layout-2\"><\/div>\n              <\/div>\n            <\/div>\n          <\/div>\n        <\/div>\n      <\/div>\n    <\/section>\n    \n    \n    \n  \n","protected":false},"excerpt":{"rendered":"<p>Cours Atelier Floral Date : 15 mars 2025 de 14h00 \u00e0 15h30 \u00e0 l&#8217;atelierLieu : Atelier Namo\u00ef &#8211; Rte de Salins 37- 1991 Pravidondaz (Salins)Prix : 50.- mat\u00e9riel et caf\u00e9 inclusInscription : ateliernamoi@gmail.com ou 079 333 24 55Places limit\u00e9es&nbsp; Atelier floral printanier avec bougie. Envie de c\u00e9l\u00e9brer le printemps avec \u00e9l\u00e9gance ? Rejoignez mon atelier &hellip; <a href=\"https:\/\/ateliernamoi.ch\/?page_id=437\" class=\"more-link\">Continue reading<span class=\"screen-reader-text\"> &#8220;Cours&#8221;<\/span><\/a><\/p>\n","protected":false},"author":4,"featured_media":0,"parent":0,"menu_order":0,"comment_status":"closed","ping_status":"closed","template":"","meta":{"footnotes":""},"class_list":["post-437","page","type-page","status-publish","hentry"],"_links":{"self":[{"href":"https:\/\/ateliernamoi.ch\/index.php?rest_route=\/wp\/v2\/pages\/437","targetHints":{"allow":["GET"]}}],"collection":[{"href":"https:\/\/ateliernamoi.ch\/index.php?rest_route=\/wp\/v2\/pages"}],"about":[{"href":"https:\/\/ateliernamoi.ch\/index.php?rest_route=\/wp\/v2\/types\/page"}],"author":[{"embeddable":true,"href":"https:\/\/ateliernamoi.ch\/index.php?rest_route=\/wp\/v2\/users\/4"}],"replies":[{"embeddable":true,"href":"https:\/\/ateliernamoi.ch\/index.php?rest_route=%2Fwp%2Fv2%2Fcomments&post=437"}],"version-history":[{"count":13,"href":"https:\/\/ateliernamoi.ch\/index.php?rest_route=\/wp\/v2\/pages\/437\/revisions"}],"predecessor-version":[{"id":719,"href":"https:\/\/ateliernamoi.ch\/index.php?rest_route=\/wp\/v2\/pages\/437\/revisions\/719"}],"wp:attachment":[{"href":"https:\/\/ateliernamoi.ch\/index.php?rest_route=%2Fwp%2Fv2%2Fmedia&parent=437"}],"curies":[{"name":"wp","href":"https:\/\/api.w.org\/{rel}","templated":true}]}}