{"id":634,"date":"2025-03-05T13:54:40","date_gmt":"2025-03-05T12:54:40","guid":{"rendered":"https:\/\/ateliernamoi.ch\/?page_id=634"},"modified":"2025-03-05T15:40:30","modified_gmt":"2025-03-05T14:40:30","slug":"evenements","status":"publish","type":"page","link":"https:\/\/ateliernamoi.ch\/?page_id=634","title":{"rendered":"\u00c9v\u00e9nements"},"content":{"rendered":"\n    \n    <section class=\"u-clearfix u-custom-color-2 u-section-2\" id=\"sec-9ecc\">\n      <div class=\"u-clearfix u-sheet u-valign-middle u-sheet-1\">\n        <h2 class=\"u-align-center u-custom-font u-text u-text-body-alt-color u-text-1\">\u00c9v\u00e9nements<\/h2>\n      <\/div>\n    <\/section>\n    <section class=\"u-clearfix u-custom-color-2 u-hidden u-section-3\" id=\"sec-a38c\">\n      <div class=\"u-clearfix u-sheet u-sheet-1\">\n        <div class=\"data-layout-selected u-clearfix u-expanded-width u-gutter-0 u-layout-spacing-vertical u-layout-wrap u-layout-wrap-1\">\n          <div class=\"u-layout\" style=\"\">\n            <div class=\"u-layout-row\" style=\"\">\n              <div class=\"u-container-style u-image u-image-round u-layout-cell u-radius u-right-cell u-size-20 u-image-1\" src=\"\" data-image-width=\"2550\" data-image-height=\"4029\" style=\"background-image: url(&quot;https:\/\/ateliernamoi.ch\/wp-content\/uploads\/2025\/03\/IMG_4169-scaled.jpeg&quot;);\">\n                <div class=\"u-container-layout u-container-layout-1\"><\/div>\n              <\/div>\n              <div class=\"u-container-align-left u-container-style u-layout-cell u-left-cell u-size-40 u-layout-cell-2\">\n                <div class=\"u-container-layout u-valign-bottom u-container-layout-2\">\n                  <h4 class=\"u-align-center u-custom-font u-text u-text-body-alt-color u-text-1\">Inauguration de l'Atelier<\/h4>\n                  <p class=\"u-align-justify u-text u-text-body-alt-color u-text-2\"> Infos \u00e0 venir...<br>\n                    <br>\n                    <br>xxxxxxxxxxxxxxxxxxxxxxxxxxxxxxxxxxxxxxxxxxxxxxxxxxxxxxxxxxxxxxxxxxxxxxxxxxxxxxxxxxxxxxxxxxxxxxxxxxxxxxxxxxxxxxxxxxxxxxxxxxxxxxxxxxxxxxxxxxxxxxxxxxxxxxxxxxxxxxxxxxxxxxxxxxxxxxxxxxxxxxxxxxxxxxxxxxxxxxxxxxxxxxxxxxxxxxxxxxxxxxxxxxxxxxxxxxxxxxxxxxxxxxxxxxxxxxxxxxxxxxxxxxxxxxxxxxxxxxxxxxxxxxxxxxxxxxxxxxxxxxxxxxxxxxxxxxxxxxxxxxxxxxxxxxxxxxxxxxxxxxxxxxxxxxxxxxxxxxxxxxxxxxxxxxxxxxxxxxxxxxxxxxxxxxxxxxxxxxxxxxxxxxxxxxxxxxxxxxxxxxxxxxxxxxxxxxxxxxxxxxxxxxxxxxxxxxxxxxxxxxxxxxxxxxxxxxxxxxxxxxxxxxxxxxxxxxxxxxxxxxxxxxxxxxxxxxxxxxxxxxxxxxxxxxxxxxxxxxxxxxxxxxxxxxxxxxxxxxxxxxxxxx\n                  <\/p>\n                <\/div>\n              <\/div>\n            <\/div>\n          <\/div>\n        <\/div>\n      <\/div>\n    <\/section>\n    <section class=\"u-clearfix u-hidden u-white u-section-4\" id=\"sec-c727\">\n      <div class=\"u-clearfix u-sheet u-sheet-1\">\n        <div class=\"data-layout-selected u-clearfix u-expanded-width u-gutter-0 u-layout-spacing-vertical u-layout-wrap u-layout-wrap-1\">\n          <div class=\"u-layout\">\n            <div class=\"u-layout-row\">\n              <div class=\"u-container-align-left u-container-style u-layout-cell u-left-cell u-size-40 u-layout-cell-1\">\n                <div class=\"u-container-layout u-container-layout-1\">\n                  <h4 class=\"u-align-center u-custom-font u-text u-text-custom-color-4 u-text-1\">Vide grenier - Pravidondaz<\/h4>\n                  <p class=\"u-align-justify u-text u-text-custom-color-4 u-text-2\"> Infos \u00e0 venir...<\/p>\n                <\/div>\n              <\/div>\n              <div class=\"u-container-style u-image u-image-round u-layout-cell u-radius u-right-cell u-size-20 u-image-1\" src=\"\" data-image-width=\"2550\" data-image-height=\"4029\" style=\"background-image: url(&quot;https:\/\/ateliernamoi.ch\/wp-content\/uploads\/2025\/03\/IMG_4169-scaled.jpeg&quot;);\">\n                <div class=\"u-container-layout u-container-layout-2\"><\/div>\n              <\/div>\n            <\/div>\n          <\/div>\n        <\/div>\n      <\/div>\n    <\/section>\n    <section class=\"u-clearfix u-custom-color-2 u-hidden u-section-5\" id=\"sec-9669\">\n      <div class=\"u-clearfix u-sheet u-sheet-1\">\n        <div class=\"data-layout-selected u-clearfix u-expanded-width u-gutter-0 u-layout-spacing-vertical u-layout-wrap u-layout-wrap-1\">\n          <div class=\"u-layout\">\n            <div class=\"u-layout-row\">\n              <div class=\"u-container-style u-image u-image-round u-layout-cell u-radius u-right-cell u-size-20 u-image-1\" src=\"\" data-image-width=\"2550\" data-image-height=\"4029\" style=\"background-image: url(&quot;https:\/\/ateliernamoi.ch\/wp-content\/uploads\/2025\/03\/IMG_4169-scaled.jpeg&quot;);\">\n                <div class=\"u-container-layout u-container-layout-1\"><\/div>\n              <\/div>\n              <div class=\"u-container-align-left u-container-style u-layout-cell u-left-cell u-size-40 u-layout-cell-2\">\n                <div class=\"u-container-layout u-container-layout-2\">\n                  <h4 class=\"u-align-center u-custom-font u-text u-text-body-alt-color u-text-1\">Ouverture de l'Atelier - P\u00e2ques<\/h4>\n                  <p class=\"u-align-justify u-text u-text-body-alt-color u-text-2\"> Infos \u00e0 venir...<br>\n                    <br>\n                  <\/p>\n                <\/div>\n              <\/div>\n            <\/div>\n          <\/div>\n        <\/div>\n      <\/div>\n    <\/section>\n    <section class=\"u-clearfix u-hidden u-white u-section-6\" id=\"sec-32c7\">\n      <div class=\"u-clearfix u-sheet u-sheet-1\">\n        <div class=\"data-layout-selected u-clearfix u-expanded-width u-gutter-0 u-layout-spacing-vertical u-layout-wrap u-layout-wrap-1\">\n          <div class=\"u-layout\">\n            <div class=\"u-layout-row\">\n              <div class=\"u-container-align-left u-container-style u-layout-cell u-left-cell u-size-40 u-layout-cell-1\">\n                <div class=\"u-container-layout u-container-layout-1\">\n                  <h4 class=\"u-align-center u-custom-font u-text u-text-custom-color-4 u-text-1\">Ouverture de l'Atelier - Automne<\/h4>\n                  <p class=\"u-align-justify u-text u-text-custom-color-4 u-text-2\"> Infos \u00e0 venir...<br>\n                    <br>\n                    <br>\n                  <\/p>\n                <\/div>\n              <\/div>\n              <div class=\"u-container-style u-image u-image-round u-layout-cell u-radius u-right-cell u-size-20 u-image-1\" src=\"\" data-image-width=\"2550\" data-image-height=\"4029\" style=\"background-image: url(&quot;https:\/\/ateliernamoi.ch\/wp-content\/uploads\/2025\/03\/IMG_4169-scaled.jpeg&quot;);\">\n                <div class=\"u-container-layout u-container-layout-2\"><\/div>\n              <\/div>\n            <\/div>\n          <\/div>\n        <\/div>\n      <\/div>\n    <\/section>\n    \n    \n    \n  \n","protected":false},"excerpt":{"rendered":"<p>\u00c9v\u00e9nements Inauguration de l&#8217;Atelier Infos \u00e0 venir&#8230; xxxxxxxxxxxxxxxxxxxxxxxxxxxxxxxxxxxxxxxxxxxxxxxxxxxxxxxxxxxxxxxxxxxxxxxxxxxxxxxxxxxxxxxxxxxxxxxxxxxxxxxxxxxxxxxxxxxxxxxxxxxxxxxxxxxxxxxxxxxxxxxxxxxxxxxxxxxxxxxxxxxxxxxxxxxxxxxxxxxxxxxxxxxxxxxxxxxxxxxxxxxxxxxxxxxxxxxxxxxxxxxxxxxxxxxxxxxxxxxxxxxxxxxxxxxxxxxxxxxxxxxxxxxxxxxxxxxxxxxxxxxxxxxxxxxxxxxxxxxxxxxxxxxxxxxxxxxxxxxxxxxxxxxxxxxxxxxxxxxxxxxxxxxxxxxxxxxxxxxxxxxxxxxxxxxxxxxxxxxxxxxxxxxxxxxxxxxxxxxxxxxxxxxxxxxxxxxxxxxxxxxxxxxxxxxxxxxxxxxxxxxxxxxxxxxxxxxxxxxxxxxxxxxxxxxxxxxxxxxxxxxxxxxxxxxxxxxxxxxxxxxxxxxxxxxxxxxxxxxxxxxxxxxxxxxxxxxxxxxxxxxxxxxxxxxxxxxxxxxxxxxxxx Vide grenier &#8211; Pravidondaz Infos \u00e0 venir&#8230; Ouverture de l&#8217;Atelier &#8211; P\u00e2ques Infos \u00e0 venir&#8230; Ouverture de l&#8217;Atelier &#8211; Automne Infos \u00e0 venir&#8230;<\/p>\n","protected":false},"author":4,"featured_media":0,"parent":0,"menu_order":0,"comment_status":"closed","ping_status":"closed","template":"","meta":{"footnotes":""},"class_list":["post-634","page","type-page","status-publish","hentry"],"_links":{"self":[{"href":"https:\/\/ateliernamoi.ch\/index.php?rest_route=\/wp\/v2\/pages\/634","targetHints":{"allow":["GET"]}}],"collection":[{"href":"https:\/\/ateliernamoi.ch\/index.php?rest_route=\/wp\/v2\/pages"}],"about":[{"href":"https:\/\/ateliernamoi.ch\/index.php?rest_route=\/wp\/v2\/types\/page"}],"author":[{"embeddable":true,"href":"https:\/\/ateliernamoi.ch\/index.php?rest_route=\/wp\/v2\/users\/4"}],"replies":[{"embeddable":true,"href":"https:\/\/ateliernamoi.ch\/index.php?rest_route=%2Fwp%2Fv2%2Fcomments&post=634"}],"version-history":[{"count":11,"href":"https:\/\/ateliernamoi.ch\/index.php?rest_route=\/wp\/v2\/pages\/634\/revisions"}],"predecessor-version":[{"id":722,"href":"https:\/\/ateliernamoi.ch\/index.php?rest_route=\/wp\/v2\/pages\/634\/revisions\/722"}],"wp:attachment":[{"href":"https:\/\/ateliernamoi.ch\/index.php?rest_route=%2Fwp%2Fv2%2Fmedia&parent=634"}],"curies":[{"name":"wp","href":"https:\/\/api.w.org\/{rel}","templated":true}]}}