{"id":64,"date":"2024-03-14T17:00:46","date_gmt":"2024-03-14T16:00:46","guid":{"rendered":"https:\/\/ateliernamoi.ch\/?page_id=64"},"modified":"2025-03-05T13:34:10","modified_gmt":"2025-03-05T12:34:10","slug":"qui-suis-je","status":"publish","type":"page","link":"https:\/\/ateliernamoi.ch\/?page_id=64","title":{"rendered":"Qui suis-je"},"content":{"rendered":"\n    \n    <section class=\"u-clearfix u-container-align-center u-custom-color-2 u-section-2\" id=\"sec-9ecc\">\n      <div class=\"u-clearfix u-sheet u-valign-middle u-sheet-1\">\n        <h2 class=\"u-custom-font u-text u-text-body-alt-color u-text-1\">Qui suis-je ?<br>\n        <\/h2>\n        <div class=\"data-layout-selected rounded-1 u-clearfix u-expanded-width u-gutter-0 u-layout-spacing-vertical u-layout-wrap u-layout-wrap-1\">\n          <div class=\"u-layout\">\n            <div class=\"u-layout-row\">\n              <div class=\"u-align-justify u-container-align-left u-container-style u-layout-cell u-left-cell u-size-40 u-layout-cell-1\">\n                <div class=\"u-container-layout u-valign-middle u-container-layout-1\">\n                  <p class=\"u-text u-text-body-alt-color u-text-2\"> Maman cr\u00e9ative de deux filles, je jongle depuis 25 ans entre passion et projets. \u00c0 80%, je partage mon savoir-faire en formation, tout en consacrant mon c\u0153ur \u00e0 mon atelier-brocante. L\u00e0, je transforme des mat\u00e9riaux r\u00e9cup\u00e9r\u00e9s en objets uniques et inspirants. Mon travail allie upcycling, d\u00e9co et cr\u00e9ativit\u00e9, tout en offrant un espace d'\u00e9change o\u00f9 chacun peut d\u00e9velopper ses talents. Un lieu de partage, \u00e9coresponsable et cr\u00e9atif, o\u00f9 l\u2019on redonne vie aux objets.<\/p>\n                <\/div>\n              <\/div>\n              <div class=\"u-container-style u-image u-image-round u-layout-cell u-radius u-right-cell u-shape-rectangle u-size-20 u-image-1\" src=\"\" data-image-width=\"1536\" data-image-height=\"2048\" style=\"background-image: url(&quot;https:\/\/ateliernamoi.ch\/wp-content\/uploads\/2025\/02\/Moi.jpeg&quot;);\">\n                <div class=\"u-container-layout u-container-layout-2\"><\/div>\n              <\/div>\n            <\/div>\n          <\/div>\n        <\/div>\n      <\/div>\n    <\/section>\n    <section class=\"u-clearfix u-container-align-center u-white u-section-3\" id=\"carousel_27e6\">\n      <div class=\"u-clearfix u-sheet u-sheet-1\">\n        <div class=\"data-layout-selected rounded-2 u-clearfix u-expanded-width u-gutter-0 u-layout-spacing-vertical u-layout-wrap u-layout-wrap-1\">\n          <div class=\"u-layout\">\n            <div class=\"u-layout-row\">\n              <div class=\"u-container-style u-image u-image-round u-layout-cell u-radius u-right-cell u-size-20 u-image-1\" src=\"\" data-image-width=\"1536\" data-image-height=\"2048\" style=\"background-image: url(&quot;https:\/\/ateliernamoi.ch\/wp-content\/uploads\/2025\/02\/Broderie2.jpeg&quot;);\">\n                <div class=\"u-container-layout u-container-layout-1\"><\/div>\n              <\/div>\n              <div class=\"u-align-justify u-container-align-left u-container-style u-layout-cell u-left-cell u-size-40 u-layout-cell-2\">\n                <div class=\"u-container-layout u-valign-middle u-container-layout-2\">\n                  <p class=\"u-text u-text-1\">J'explore la cr\u00e9ation sous toutes ses formes, travaillant le bois, le m\u00e9tal, le cuir, la feutrine et les arts visuels. Passionn\u00e9e par l'upcycling et le relooking, je transforme ce qui semble inutilisable en objets uniques et inspirants. Chaque projet est une aventure cr\u00e9ative o\u00f9 j'associe mat\u00e9riaux et techniques pour r\u00e9inventer et sublimer. Mon approche m\u00eale artisanat, d\u00e9co et art visuel, avec toujours l'envie de surprendre et de donner une nouvelle vie \u00e0 l'ancien.<\/p>\n                <\/div>\n              <\/div>\n            <\/div>\n          <\/div>\n        <\/div>\n      <\/div>\n    <\/section>\n    <section class=\"u-clearfix u-container-align-center u-custom-color-2 u-section-4\" id=\"carousel_43cf\">\n      <div class=\"u-clearfix u-sheet u-valign-middle u-sheet-1\">\n        <div class=\"data-layout-selected rounded-1 u-clearfix u-expanded-width u-gutter-0 u-layout-spacing-vertical u-layout-wrap u-layout-wrap-1\">\n          <div class=\"u-layout\">\n            <div class=\"u-layout-row\">\n              <div class=\"u-align-justify u-container-align-left u-container-style u-layout-cell u-left-cell u-size-40 u-layout-cell-1\">\n                <div class=\"u-container-layout u-valign-middle u-container-layout-1\">\n                  <p class=\"u-text u-text-body-alt-color u-text-1\"> En plus de mes ateliers et formations, je cr\u00e9e et vends des objets uniques pour permettre \u00e0 chacun d'emporter un morceau de ma cr\u00e9ativit\u00e9. D\u00e9couvrez mes cr\u00e9ations artisanales, en upcycling ou personnalis\u00e9es, sur ma boutique en ligne. Chaque pi\u00e8ce est r\u00e9alis\u00e9e avec des mat\u00e9riaux de qualit\u00e9, alliant esth\u00e9tique, cr\u00e9ativit\u00e9 et fonctionnalit\u00e9.<\/p>\n                <\/div>\n              <\/div>\n              <div class=\"u-container-style u-image u-image-round u-layout-cell u-radius u-right-cell u-size-20 u-image-1\" src=\"\" data-image-width=\"1536\" data-image-height=\"2048\" style=\"background-image: url(&quot;https:\/\/ateliernamoi.ch\/wp-content\/uploads\/2025\/02\/Lampe1.jpeg&quot;);\">\n                <div class=\"u-container-layout u-container-layout-2\"><\/div>\n              <\/div>\n            <\/div>\n          <\/div>\n        <\/div>\n      <\/div>\n    <\/section>\n    \n    \n    \n  \n","protected":false},"excerpt":{"rendered":"<p>Qui suis-je ? Maman cr\u00e9ative de deux filles, je jongle depuis 25 ans entre passion et projets. \u00c0 80%, je partage mon savoir-faire en formation, tout en consacrant mon c\u0153ur \u00e0 mon atelier-brocante. L\u00e0, je transforme des mat\u00e9riaux r\u00e9cup\u00e9r\u00e9s en objets uniques et inspirants. Mon travail allie upcycling, d\u00e9co et cr\u00e9ativit\u00e9, tout en offrant un &hellip; <a href=\"https:\/\/ateliernamoi.ch\/?page_id=64\" class=\"more-link\">Continue reading<span class=\"screen-reader-text\"> &#8220;Qui suis-je&#8221;<\/span><\/a><\/p>\n","protected":false},"author":4,"featured_media":0,"parent":0,"menu_order":0,"comment_status":"closed","ping_status":"closed","template":"","meta":{"footnotes":""},"class_list":["post-64","page","type-page","status-publish","hentry"],"_links":{"self":[{"href":"https:\/\/ateliernamoi.ch\/index.php?rest_route=\/wp\/v2\/pages\/64","targetHints":{"allow":["GET"]}}],"collection":[{"href":"https:\/\/ateliernamoi.ch\/index.php?rest_route=\/wp\/v2\/pages"}],"about":[{"href":"https:\/\/ateliernamoi.ch\/index.php?rest_route=\/wp\/v2\/types\/page"}],"author":[{"embeddable":true,"href":"https:\/\/ateliernamoi.ch\/index.php?rest_route=\/wp\/v2\/users\/4"}],"replies":[{"embeddable":true,"href":"https:\/\/ateliernamoi.ch\/index.php?rest_route=%2Fwp%2Fv2%2Fcomments&post=64"}],"version-history":[{"count":13,"href":"https:\/\/ateliernamoi.ch\/index.php?rest_route=\/wp\/v2\/pages\/64\/revisions"}],"predecessor-version":[{"id":626,"href":"https:\/\/ateliernamoi.ch\/index.php?rest_route=\/wp\/v2\/pages\/64\/revisions\/626"}],"wp:attachment":[{"href":"https:\/\/ateliernamoi.ch\/index.php?rest_route=%2Fwp%2Fv2%2Fmedia&parent=64"}],"curies":[{"name":"wp","href":"https:\/\/api.w.org\/{rel}","templated":true}]}}