{"id":671,"date":"2025-03-05T13:59:19","date_gmt":"2025-03-05T12:59:19","guid":{"rendered":"https:\/\/ateliernamoi.ch\/?page_id=671"},"modified":"2025-03-05T15:20:38","modified_gmt":"2025-03-05T14:20:38","slug":"autres-createurs","status":"publish","type":"page","link":"https:\/\/ateliernamoi.ch\/?page_id=671","title":{"rendered":"Autres cr\u00e9ateurs"},"content":{"rendered":"\n    \n    <section class=\"u-clearfix u-custom-color-2 u-section-2\" id=\"sec-9ecc\">\n      <div class=\"u-clearfix u-sheet u-sheet-1\">\n        <h2 class=\"u-align-center u-custom-font u-text u-text-body-alt-color u-text-1\">Autres cr\u00e9ateurs<\/h2>\n      <\/div>\n    <\/section>\n    <section class=\"u-clearfix u-custom-color-2 u-section-3\" id=\"sec-a38c\">\n      <div class=\"u-clearfix u-sheet u-valign-middle u-sheet-1\">\n        <div class=\"data-layout-selected u-clearfix u-expanded-width u-gutter-0 u-layout-spacing-vertical u-layout-wrap u-layout-wrap-1\">\n          <div class=\"u-layout\">\n            <div class=\"u-layout-row\">\n              <div class=\"u-container-style u-image u-image-round u-layout-cell u-radius u-right-cell u-size-20 u-image-1\" src=\"\" data-image-width=\"1290\" data-image-height=\"1272\" style=\"background-image: url(&quot;https:\/\/ateliernamoi.ch\/wp-content\/uploads\/2025\/03\/336746f2-be0e-4455-9c5c-83d8b95d20d0.jpg&quot;);\">\n                <div class=\"u-container-layout u-container-layout-1\"><\/div>\n              <\/div>\n              <div class=\"u-container-style u-layout-cell u-left-cell u-size-40 u-layout-cell-2\">\n                <div class=\"u-container-layout u-container-layout-2\">\n                  <h4 class=\"u-align-center u-custom-font u-text u-text-body-alt-color u-text-1\">\n                    <a class=\"u-active-none u-border-none u-btn u-button-link u-button-style u-hover-none u-none u-text-palette-1-base u-btn-1\" href=\"https:\/\/www.instagram.com\/ruby_handmade_goods?igsh=eHZtOTByYjg5NzFh\">Ruby Handmade Goods<\/a>\n                  <\/h4>\n                  <p class=\"u-align-justify u-text u-text-body-alt-color u-text-2\">\n                    <br> Artiste sp\u00e9cialis\u00e9e en entomologie - Lausanne<br>\n                    <br>J\u2019ai le plaisir d\u2019accueillir les magnifiques cr\u00e9ations d'Oriane, une talentueuse cr\u00e9atrice et amie dont le travail ne cesse de m\u2019\u00e9merveiller. Son univers, m\u00ealant savoir-faire et originalit\u00e9, trouve d\u00e9sormais sa place ici, \u00e0 l\u2019atelier ! <br>\n                    <br>Venez d\u00e9couvrir ses pi\u00e8ces uniques, r\u00e9alis\u00e9es avec passion et minutie. Un vrai coup de c\u0153ur garanti !&nbsp;<br>\n                    <br>Instagram : <a href=\"https:\/\/www.instagram.com\/ruby_handmade_goods?igsh=eHZtOTByYjg5NzFh\" class=\"u-active-none u-border-none u-btn u-button-link u-button-style u-hover-none u-none u-text-palette-1-base u-btn-2\">ruby_handmade_goods<\/a>\n                  <\/p>\n                <\/div>\n              <\/div>\n            <\/div>\n          <\/div>\n        <\/div>\n      <\/div>\n    <\/section>\n    <section class=\"u-clearfix u-white u-section-4\" id=\"sec-c727\">\n      <div class=\"u-clearfix u-sheet u-sheet-1\">\n        <div class=\"data-layout-selected u-clearfix u-expanded-width u-gutter-0 u-layout-spacing-vertical u-layout-wrap u-layout-wrap-1\">\n          <div class=\"u-layout\">\n            <div class=\"u-layout-row\">\n              <div class=\"u-container-align-left u-container-style u-layout-cell u-left-cell u-size-40 u-layout-cell-1\">\n                <div class=\"u-container-layout u-container-layout-1\">\n                  <h4 class=\"u-align-center u-custom-font u-text u-text-custom-color-4 u-text-1\">Exposer et vendre vos \u0153uvres vous int\u00e9resse ?&nbsp;<\/h4>\n                  <p class=\"u-align-justify u-text u-text-custom-color-4 u-text-2\">\n                    <br> Artisans, mettez vos cr\u00e9ations en valeur !&nbsp;<br>\n                    <br>Vous \u00eates passionn\u00e9(e) par votre m\u00e9tier et souhaitez faire d\u00e9couvrir vos cr\u00e9ations uniques \u00e0 un plus large public ?&nbsp;<br>\n                    <br>Je vous offre une plateforme id\u00e9ale pour exposer et vendre vos \u0153uvres artisanales. Que vous r\u00e9alisiez des objets d\u00e9coratifs, des accessoires faits main, ou toute autre cr\u00e9ation, mon atelier ainsi que mon e-shop sont les endroits parfait pour vous aider \u00e0 atteindre vos clients.<br>\n                    <br>N'h\u00e9sitez pas \u00e0 prendre contact avec moi !\n                  <\/p>\n                <\/div>\n              <\/div>\n              <div class=\"u-container-style u-image u-image-round u-layout-cell u-radius u-right-cell u-size-20 u-image-1\" src=\"\" data-image-width=\"1290\" data-image-height=\"1273\" style=\"background-image: url(&quot;https:\/\/ateliernamoi.ch\/wp-content\/uploads\/2025\/03\/11992ac1-2138-4e34-ac74-f60f0138f247.jpg&quot;);\">\n                <div class=\"u-container-layout u-container-layout-2\"><\/div>\n              <\/div>\n            <\/div>\n          <\/div>\n        <\/div>\n      <\/div>\n    <\/section>\n    \n    \n    \n  \n","protected":false},"excerpt":{"rendered":"<p>Autres cr\u00e9ateurs Ruby Handmade Goods Artiste sp\u00e9cialis\u00e9e en entomologie &#8211; Lausanne J\u2019ai le plaisir d\u2019accueillir les magnifiques cr\u00e9ations d&#8217;Oriane, une talentueuse cr\u00e9atrice et amie dont le travail ne cesse de m\u2019\u00e9merveiller. Son univers, m\u00ealant savoir-faire et originalit\u00e9, trouve d\u00e9sormais sa place ici, \u00e0 l\u2019atelier ! Venez d\u00e9couvrir ses pi\u00e8ces uniques, r\u00e9alis\u00e9es avec passion et minutie. &hellip; <a href=\"https:\/\/ateliernamoi.ch\/?page_id=671\" class=\"more-link\">Continue reading<span class=\"screen-reader-text\"> &#8220;Autres cr\u00e9ateurs&#8221;<\/span><\/a><\/p>\n","protected":false},"author":4,"featured_media":0,"parent":0,"menu_order":0,"comment_status":"closed","ping_status":"closed","template":"","meta":{"footnotes":""},"class_list":["post-671","page","type-page","status-publish","hentry"],"_links":{"self":[{"href":"https:\/\/ateliernamoi.ch\/index.php?rest_route=\/wp\/v2\/pages\/671","targetHints":{"allow":["GET"]}}],"collection":[{"href":"https:\/\/ateliernamoi.ch\/index.php?rest_route=\/wp\/v2\/pages"}],"about":[{"href":"https:\/\/ateliernamoi.ch\/index.php?rest_route=\/wp\/v2\/types\/page"}],"author":[{"embeddable":true,"href":"https:\/\/ateliernamoi.ch\/index.php?rest_route=\/wp\/v2\/users\/4"}],"replies":[{"embeddable":true,"href":"https:\/\/ateliernamoi.ch\/index.php?rest_route=%2Fwp%2Fv2%2Fcomments&post=671"}],"version-history":[{"count":16,"href":"https:\/\/ateliernamoi.ch\/index.php?rest_route=\/wp\/v2\/pages\/671\/revisions"}],"predecessor-version":[{"id":718,"href":"https:\/\/ateliernamoi.ch\/index.php?rest_route=\/wp\/v2\/pages\/671\/revisions\/718"}],"wp:attachment":[{"href":"https:\/\/ateliernamoi.ch\/index.php?rest_route=%2Fwp%2Fv2%2Fmedia&parent=671"}],"curies":[{"name":"wp","href":"https:\/\/api.w.org\/{rel}","templated":true}]}}